{"id":19,"date":"2025-02-19T14:31:12","date_gmt":"2025-02-19T14:31:12","guid":{"rendered":"https:\/\/lightgreen-kingfisher-276630.hostingersite.com\/?page_id=19"},"modified":"2025-05-09T17:35:30","modified_gmt":"2025-05-09T17:35:30","slug":"contacto","status":"publish","type":"page","link":"https:\/\/irentcolombia.com\/en\/contacto\/","title":{"rendered":"CONTACT"},"content":{"rendered":"<div data-elementor-type=\"wp-page\" data-elementor-id=\"19\" class=\"elementor elementor-19\">\n\t\t\t\t<div class=\"elementor-element elementor-element-19fb49a e-con-full e-flex e-con e-parent\" data-id=\"19fb49a\" data-element_type=\"container\">\n\t\t\t\t<div class=\"elementor-element elementor-element-95e9716 elementor-widget__width-inherit elementor-widget elementor-widget-image\" data-id=\"95e9716\" data-element_type=\"widget\" data-widget_type=\"image.default\">\n\t\t\t\t<div class=\"elementor-widget-container\">\n\t\t\t\t\t\t\t\t\t\t\t\t\t\t\t<img fetchpriority=\"high\" decoding=\"async\" width=\"1024\" height=\"341\" src=\"https:\/\/irentcolombia.com\/wp-content\/uploads\/2025\/03\/contactanos--1024x341.webp\" class=\"attachment-large size-large wp-image-1387\" alt=\"\" srcset=\"https:\/\/irentcolombia.com\/wp-content\/uploads\/2025\/03\/contactanos--1024x341.webp 1024w, https:\/\/irentcolombia.com\/wp-content\/uploads\/2025\/03\/contactanos--500x166.webp 500w, https:\/\/irentcolombia.com\/wp-content\/uploads\/2025\/03\/contactanos--300x100.webp 300w, https:\/\/irentcolombia.com\/wp-content\/uploads\/2025\/03\/contactanos--768x256.webp 768w, https:\/\/irentcolombia.com\/wp-content\/uploads\/2025\/03\/contactanos--1536x511.webp 1536w, https:\/\/irentcolombia.com\/wp-content\/uploads\/2025\/03\/contactanos-.webp 1952w\" sizes=\"(max-width: 1024px) 100vw, 1024px\" \/>\t\t\t\t\t\t\t\t\t\t\t\t\t\t\t<\/div>\n\t\t\t\t<\/div>\n\t\t\t\t<div class=\"elementor-element elementor-element-e276ec7 elementor-widget elementor-widget-heading\" data-id=\"e276ec7\" data-element_type=\"widget\" data-widget_type=\"heading.default\">\n\t\t\t\t<div class=\"elementor-widget-container\">\n\t\t\t\t\t<h2 class=\"elementor-heading-title elementor-size-default\">CONTACT US<\/h2>\t\t\t\t<\/div>\n\t\t\t\t<\/div>\n\t\t\t\t<\/div>\n\t\t<div class=\"elementor-element elementor-element-ff1b460 e-con-full e-flex e-con e-parent\" data-id=\"ff1b460\" data-element_type=\"container\">\n\t\t<div class=\"elementor-element elementor-element-1977e92 e-con-full e-flex e-con e-child\" data-id=\"1977e92\" data-element_type=\"container\">\n\t\t\t\t<div class=\"elementor-element elementor-element-530e84c elementor-widget elementor-widget-heading\" data-id=\"530e84c\" data-element_type=\"widget\" data-widget_type=\"heading.default\">\n\t\t\t\t<div class=\"elementor-widget-container\">\n\t\t\t\t\t<h2 class=\"elementor-heading-title elementor-size-default\">Contact us<\/h2>\t\t\t\t<\/div>\n\t\t\t\t<\/div>\n\t\t\t\t<div class=\"elementor-element elementor-element-63ca736 elementor-widget__width-auto elementor-widget elementor-widget-text-editor\" data-id=\"63ca736\" data-element_type=\"widget\" data-widget_type=\"text-editor.default\">\n\t\t\t\t<div class=\"elementor-widget-container\">\n\t\t\t\t\t\t\t\t\t<p>Ready for your next adventure? If you have questions about our products, the rental process, or need a recommendation, don't hesitate to write to us. We'd be happy to help you find the perfect gear for your experience.<\/p>\t\t\t\t\t\t\t\t<\/div>\n\t\t\t\t<\/div>\n\t\t\t\t<div class=\"elementor-element elementor-element-6789011 elementor-widget__width-initial premium-cf7-button-fwidth-yes elementor-widget elementor-widget-premium-contact-form\" data-id=\"6789011\" data-element_type=\"widget\" data-widget_type=\"premium-contact-form.default\">\n\t\t\t\t<div class=\"elementor-widget-container\">\n\t\t\t\t\t\n\t\t\t\n\t\t\t<div class=\"premium-cf7-container\" data-settings=\"{&quot;fields_glass&quot;:&quot;none&quot;,&quot;submit_glass&quot;:&quot;none&quot;}\">\n\t\t\t\t\n<div class=\"wpcf7 no-js\" id=\"wpcf7-f1418-o1\" lang=\"es-CO\" dir=\"ltr\" data-wpcf7-id=\"1418\">\n<div class=\"screen-reader-response\"><p role=\"status\" aria-live=\"polite\" aria-atomic=\"true\"><\/p> <ul><\/ul><\/div>\n<form action=\"\/en\/wp-json\/wp\/v2\/pages\/19#wpcf7-f1418-o1\" method=\"post\" class=\"wpcf7-form init\" aria-label=\"Formulario de contacto\" novalidate=\"novalidate\" data-status=\"init\" data-trp-original-action=\"\/en\/wp-json\/wp\/v2\/pages\/19#wpcf7-f1418-o1\">\n<fieldset class=\"hidden-fields-container\"><input type=\"hidden\" name=\"_wpcf7\" value=\"1418\" \/><input type=\"hidden\" name=\"_wpcf7_version\" value=\"6.1\" \/><input type=\"hidden\" name=\"_wpcf7_locale\" value=\"es_CO\" \/><input type=\"hidden\" name=\"_wpcf7_unit_tag\" value=\"wpcf7-f1418-o1\" \/><input type=\"hidden\" name=\"_wpcf7_container_post\" value=\"0\" \/><input type=\"hidden\" name=\"_wpcf7_posted_data_hash\" value=\"\" \/>\n<\/fieldset>\n<div class=\"form-container\">\n\t<div class=\"form-row\">\n\t\t<div class=\"form-group\">\n\t\t\t<p><label>Name<\/label><br \/>\n<span class=\"wpcf7-form-control-wrap\" data-name=\"your-name\"><input size=\"40\" maxlength=\"400\" class=\"wpcf7-form-control wpcf7-text wpcf7-validates-as-required\" autocomplete=\"name\" aria-required=\"true\" aria-invalid=\"false\" value=\"\" type=\"text\" name=\"your-name\" \/><\/span>\n\t\t\t<\/p>\n\t\t<\/div>\n\t\t<div class=\"form-group\">\n\t\t\t<p><label>E-mail<\/label><br \/>\n<span class=\"wpcf7-form-control-wrap\" data-name=\"your-email\"><input size=\"40\" maxlength=\"400\" class=\"wpcf7-form-control wpcf7-email wpcf7-validates-as-required wpcf7-text wpcf7-validates-as-email\" autocomplete=\"email\" aria-required=\"true\" aria-invalid=\"false\" value=\"\" type=\"email\" name=\"your-email\" \/><\/span>\n\t\t\t<\/p>\n\t\t<\/div>\n\t<\/div>\n\t<div class=\"form-row\">\n\t\t<div class=\"form-group\">\n\t\t\t<p><label>Interested in<\/label><br \/>\n<span class=\"wpcf7-form-control-wrap\" data-name=\"text-420\"><input size=\"40\" maxlength=\"200\" minlength=\"10\" class=\"wpcf7-form-control wpcf7-text\" aria-invalid=\"false\" value=\"\" type=\"text\" name=\"text-420\" \/><\/span>\n\t\t\t<\/p>\n\t\t<\/div>\n\t\t<div class=\"form-group\">\n\t\t\t<p><label>Phone<\/label><br \/>\n<span class=\"wpcf7-form-control-wrap\" data-name=\"telefono\"><input size=\"40\" maxlength=\"400\" class=\"wpcf7-form-control wpcf7-tel wpcf7-validates-as-required wpcf7-text wpcf7-validates-as-tel\" aria-required=\"true\" aria-invalid=\"false\" value=\"\" type=\"tel\" name=\"telefono\" \/><\/span>\n\t\t\t<\/p>\n\t\t<\/div>\n\t<\/div>\n\n <!-- Asegurar que el mensaje sigue la misma estructura -->\n\t<div class=\"form-row\">\n\t\t<div class=\"form-group\">\n\t\t\t<p><label>Message<\/label><br \/>\n<span class=\"wpcf7-form-control-wrap\" data-name=\"your-message\"><textarea cols=\"40\" rows=\"10\" maxlength=\"2000\" class=\"wpcf7-form-control wpcf7-textarea\" aria-invalid=\"false\" name=\"your-message\"><\/textarea><\/span>\n\t\t\t<\/p>\n\t\t<\/div>\n\t<\/div>\n\t<p><input class=\"wpcf7-form-control wpcf7-submit has-spinner\" type=\"submit\" value=\"Send\" \/>\n\t<\/p>\n<\/div><div class=\"wpcf7-response-output\" aria-hidden=\"true\"><\/div>\n<input type=\"hidden\" name=\"trp-form-language\" value=\"en\"\/><\/form>\n<\/div>\n\t\t\t<\/div>\n\n\t\t\t\t\t\t\t<\/div>\n\t\t\t\t<\/div>\n\t\t\t\t<\/div>\n\t\t<div class=\"elementor-element elementor-element-40d3130 e-con-full e-flex e-con e-child\" data-id=\"40d3130\" data-element_type=\"container\">\n\t\t\t\t<\/div>\n\t\t<div class=\"elementor-element elementor-element-4244a6c e-con-full e-flex e-con e-child\" data-id=\"4244a6c\" data-element_type=\"container\">\n\t\t\t\t<div class=\"elementor-element elementor-element-5c2b48e elementor-widget elementor-widget-heading\" data-id=\"5c2b48e\" data-element_type=\"widget\" data-widget_type=\"heading.default\">\n\t\t\t\t<div class=\"elementor-widget-container\">\n\t\t\t\t\t<h2 class=\"elementor-heading-title elementor-size-default\">Our Service Channels<\/h2>\t\t\t\t<\/div>\n\t\t\t\t<\/div>\n\t\t\t\t<div class=\"elementor-element elementor-element-6fe4938 elementor-widget elementor-widget-text-editor\" data-id=\"6fe4938\" data-element_type=\"widget\" data-widget_type=\"text-editor.default\">\n\t\t\t\t<div class=\"elementor-widget-container\">\n\t\t\t\t\t\t\t\t\t<p>Phone:<\/p><p>+57 302 5939410<\/p>\t\t\t\t\t\t\t\t<\/div>\n\t\t\t\t<\/div>\n\t\t\t\t<div class=\"elementor-element elementor-element-48d1519 elementor-widget elementor-widget-text-editor\" data-id=\"48d1519\" data-element_type=\"widget\" data-widget_type=\"text-editor.default\">\n\t\t\t\t<div class=\"elementor-widget-container\">\n\t\t\t\t\t\t\t\t\t<p>E-mail<\/p><p>info@irentcolombia.com<\/p>\t\t\t\t\t\t\t\t<\/div>\n\t\t\t\t<\/div>\n\t\t\t\t<div class=\"elementor-element elementor-element-ad4bd0d elementor-widget elementor-widget-heading\" data-id=\"ad4bd0d\" data-element_type=\"widget\" data-widget_type=\"heading.default\">\n\t\t\t\t<div class=\"elementor-widget-container\">\n\t\t\t\t\t<h2 class=\"elementor-heading-title elementor-size-default\">Visit us<\/h2>\t\t\t\t<\/div>\n\t\t\t\t<\/div>\n\t\t\t\t<div class=\"elementor-element elementor-element-802d235 elementor-widget elementor-widget-text-editor\" data-id=\"802d235\" data-element_type=\"widget\" data-widget_type=\"text-editor.default\">\n\t\t\t\t<div class=\"elementor-widget-container\">\n\t\t\t\t\t\t\t\t\t<p>Address:<\/p><p>Cl. 17 #3-69, Comuna 2,<\/p><p>Santa Marta, Magdalena<\/p>\t\t\t\t\t\t\t\t<\/div>\n\t\t\t\t<\/div>\n\t\t\t\t<div class=\"elementor-element elementor-element-9a6ed74 elementor-widget elementor-widget-text-editor\" data-id=\"9a6ed74\" data-element_type=\"widget\" data-widget_type=\"text-editor.default\">\n\t\t\t\t<div class=\"elementor-widget-container\">\n\t\t\t\t\t\t\t\t\t<p><span style=\"font-size: 17px;\"><strong>Business Hours:<\/strong><\/span><\/p><p>Sundays to Fridays:<\/p><p>7:30 AM &#8211; 5:30 PM<\/p><p>Saturdays:<\/p><p>7:30 AM &#8211; 3:30 PM<\/p>\t\t\t\t\t\t\t\t<\/div>\n\t\t\t\t<\/div>\n\t\t\t\t<\/div>\n\t\t\t\t<\/div>\n\t\t<div class=\"elementor-element elementor-element-b8eab2f e-flex e-con-boxed e-con e-parent\" data-id=\"b8eab2f\" data-element_type=\"container\" data-settings=\"{&quot;background_background&quot;:&quot;classic&quot;}\">\n\t\t\t\t\t<div class=\"e-con-inner\">\n\t\t\t\t<div class=\"elementor-element elementor-element-ca5fbf2 elementor-widget elementor-widget-heading\" data-id=\"ca5fbf2\" data-element_type=\"widget\" data-widget_type=\"heading.default\">\n\t\t\t\t<div class=\"elementor-widget-container\">\n\t\t\t\t\t<h2 class=\"elementor-heading-title elementor-size-default\">Our Location<\/h2>\t\t\t\t<\/div>\n\t\t\t\t<\/div>\n\t\t\t\t<div class=\"elementor-element elementor-element-2f58455 elementor-widget elementor-widget-text-editor\" data-id=\"2f58455\" data-element_type=\"widget\" data-widget_type=\"text-editor.default\">\n\t\t\t\t<div class=\"elementor-widget-container\">\n\t\t\t\t\t\t\t\t\t<p>Cl. 17 #3-69, Comuna 2,<\/p><p>Santa Marta, Magdalena<\/p>\t\t\t\t\t\t\t\t<\/div>\n\t\t\t\t<\/div>\n\t\t\t\t<div class=\"elementor-element elementor-element-d7181af elementor-widget__width-initial elementor-widget elementor-widget-google_maps\" data-id=\"d7181af\" data-element_type=\"widget\" data-widget_type=\"google_maps.default\">\n\t\t\t\t<div class=\"elementor-widget-container\">\n\t\t\t\t\t\t\t<div class=\"elementor-custom-embed\">\n\t\t\t<iframe loading=\"lazy\"\n\t\t\t\t\tsrc=\"https:\/\/maps.google.com\/maps?q=Cl.%2017%20%233-69%2C%20Comuna%202%2C%20Santa%20Marta%2C%20Magdalena&#038;t=m&#038;z=17&#038;output=embed&#038;iwloc=near\"\n\t\t\t\t\ttitle=\"Cl. 17 #3-69, Comuna 2, Santa Marta, Magdalena\"\n\t\t\t\t\taria-label=\"Cl. 17 #3-69, Comuna 2, Santa Marta, Magdalena\"\n\t\t\t><\/iframe>\n\t\t<\/div>\n\t\t\t\t\t\t<\/div>\n\t\t\t\t<\/div>\n\t\t\t\t\t<\/div>\n\t\t\t\t<\/div>\n\t\t<div class=\"elementor-element elementor-element-80343be e-con-full e-flex e-con e-parent\" data-id=\"80343be\" data-element_type=\"container\">\n\t\t<div class=\"elementor-element elementor-element-0c7277b e-grid e-con-boxed e-con e-child\" data-id=\"0c7277b\" data-element_type=\"container\">\n\t\t\t\t\t<div class=\"e-con-inner\">\n\t\t<div class=\"elementor-element elementor-element-d043363 e-con-full e-flex e-con e-child\" data-id=\"d043363\" data-element_type=\"container\">\n\t\t\t\t<div class=\"elementor-element elementor-element-33c891a elementor-widget elementor-widget-image\" data-id=\"33c891a\" data-element_type=\"widget\" data-widget_type=\"image.default\">\n\t\t\t\t<div class=\"elementor-widget-container\">\n\t\t\t\t\t\t\t\t\t\t\t\t\t\t\t<img decoding=\"async\" width=\"90\" height=\"54\" src=\"https:\/\/irentcolombia.com\/wp-content\/uploads\/2025\/03\/envios.webp\" class=\"attachment-large size-large wp-image-1638\" alt=\"\" \/>\t\t\t\t\t\t\t\t\t\t\t\t\t\t\t<\/div>\n\t\t\t\t<\/div>\n\t\t\t\t<div class=\"elementor-element elementor-element-ba01282 elementor-widget elementor-widget-text-editor\" data-id=\"ba01282\" data-element_type=\"widget\" data-widget_type=\"text-editor.default\">\n\t\t\t\t<div class=\"elementor-widget-container\">\n\t\t\t\t\t\t\t\t\t<p><strong>Shipping and Returns <br \/><\/strong><span style=\"font-size: 15px;\">Find information <br \/>related to shipping and returns here.<\/span><\/p>\t\t\t\t\t\t\t\t<\/div>\n\t\t\t\t<\/div>\n\t\t\t\t<\/div>\n\t\t<div class=\"elementor-element elementor-element-a88c748 e-con-full e-flex e-con e-child\" data-id=\"a88c748\" data-element_type=\"container\">\n\t\t\t\t<div class=\"elementor-element elementor-element-5d07d6b elementor-widget elementor-widget-image\" data-id=\"5d07d6b\" data-element_type=\"widget\" data-widget_type=\"image.default\">\n\t\t\t\t<div class=\"elementor-widget-container\">\n\t\t\t\t\t\t\t\t\t\t\t\t\t\t\t<img decoding=\"async\" width=\"65\" height=\"56\" src=\"https:\/\/irentcolombia.com\/wp-content\/uploads\/2025\/03\/rent.webp\" class=\"attachment-large size-large wp-image-1636\" alt=\"\" \/>\t\t\t\t\t\t\t\t\t\t\t\t\t\t\t<\/div>\n\t\t\t\t<\/div>\n\t\t\t\t<div class=\"elementor-element elementor-element-cdb0dc7 elementor-widget elementor-widget-text-editor\" data-id=\"cdb0dc7\" data-element_type=\"widget\" data-widget_type=\"text-editor.default\">\n\t\t\t\t<div class=\"elementor-widget-container\">\n\t\t\t\t\t\t\t\t\t<p><strong>Rentals <br \/><\/strong><span style=\"font-size: 15px;\">Contact us for more <\/span><span style=\"font-size: 15px;\">information <strong>info@irentcolombia.com<\/strong><\/span><strong><br \/><\/strong><\/p>\t\t\t\t\t\t\t\t<\/div>\n\t\t\t\t<\/div>\n\t\t\t\t<\/div>\n\t\t<div class=\"elementor-element elementor-element-c7cd73a e-con-full e-flex e-con e-child\" data-id=\"c7cd73a\" data-element_type=\"container\">\n\t\t\t\t<div class=\"elementor-element elementor-element-cb7105a elementor-widget elementor-widget-image\" data-id=\"cb7105a\" data-element_type=\"widget\" data-widget_type=\"image.default\">\n\t\t\t\t<div class=\"elementor-widget-container\">\n\t\t\t\t\t\t\t\t\t\t\t\t\t\t\t<img loading=\"lazy\" decoding=\"async\" width=\"40\" height=\"40\" src=\"https:\/\/irentcolombia.com\/wp-content\/uploads\/2025\/03\/instagram.webp\" class=\"attachment-full size-full wp-image-1637\" alt=\"\" \/>\t\t\t\t\t\t\t\t\t\t\t\t\t\t\t<\/div>\n\t\t\t\t<\/div>\n\t\t\t\t<div class=\"elementor-element elementor-element-3b85946 elementor-widget elementor-widget-text-editor\" data-id=\"3b85946\" data-element_type=\"widget\" data-widget_type=\"text-editor.default\">\n\t\t\t\t<div class=\"elementor-widget-container\">\n\t\t\t\t\t\t\t\t\t<p><strong>Follow us<br \/><\/strong><br \/><span style=\"font-size: 15px;\">@irentcolombia<\/span><\/p>\t\t\t\t\t\t\t\t<\/div>\n\t\t\t\t<\/div>\n\t\t\t\t<\/div>\n\t\t\t\t\t<\/div>\n\t\t\t\t<\/div>\n\t\t\t\t<\/div>\n\t\t\t\t<\/div>","protected":false},"excerpt":{"rendered":"<p>CONT\u00c1CTANOS Cont\u00e1ctanos \u00bfListo para tu pr\u00f3xima aventura? Si tienes preguntas sobre nuestros productos, el proceso de alquiler o necesitas una recomendaci\u00f3n, no dudes en escribirnos. Estaremos encantados de ayudarte a encontrar el equipo perfecto para tu experiencia. Nombre Correo electr\u00f3nico Interesado en Celular Mensaje Nuestros Canales de atenci\u00f3n Tel\u00e9fono: +57 302 5939410 Email: info@irentcolombia.com Visitanos [&hellip;]<\/p>","protected":false},"author":2,"featured_media":0,"parent":0,"menu_order":0,"comment_status":"closed","ping_status":"closed","template":"elementor_header_footer","meta":{"footnotes":""},"class_list":["post-19","page","type-page","status-publish","hentry"],"blocksy_meta":[],"aioseo_notices":[],"_links":{"self":[{"href":"https:\/\/irentcolombia.com\/en\/wp-json\/wp\/v2\/pages\/19","targetHints":{"allow":["GET"]}}],"collection":[{"href":"https:\/\/irentcolombia.com\/en\/wp-json\/wp\/v2\/pages"}],"about":[{"href":"https:\/\/irentcolombia.com\/en\/wp-json\/wp\/v2\/types\/page"}],"author":[{"embeddable":true,"href":"https:\/\/irentcolombia.com\/en\/wp-json\/wp\/v2\/users\/2"}],"replies":[{"embeddable":true,"href":"https:\/\/irentcolombia.com\/en\/wp-json\/wp\/v2\/comments?post=19"}],"version-history":[{"count":223,"href":"https:\/\/irentcolombia.com\/en\/wp-json\/wp\/v2\/pages\/19\/revisions"}],"predecessor-version":[{"id":2880,"href":"https:\/\/irentcolombia.com\/en\/wp-json\/wp\/v2\/pages\/19\/revisions\/2880"}],"wp:attachment":[{"href":"https:\/\/irentcolombia.com\/en\/wp-json\/wp\/v2\/media?parent=19"}],"curies":[{"name":"wp","href":"https:\/\/api.w.org\/{rel}","templated":true}]}}